{"id":532,"date":"2023-10-31T17:23:47","date_gmt":"2023-10-31T16:23:47","guid":{"rendered":"http:\/\/master-brain.com\/?post_type=product&#038;p=532"},"modified":"2025-10-09T08:52:15","modified_gmt":"2025-10-09T06:52:15","slug":"entendiendo-la-psicologia-del-consumidor","status":"publish","type":"product","link":"https:\/\/master-brain.com\/?product=entendiendo-la-psicologia-del-consumidor","title":{"rendered":"ENTENDIENDO LA PSICOLOG\u00cdA DEL CONSUMIDOR"},"content":{"rendered":"\n<p>Este taller ense\u00f1a las herramientas mas sencillas para entender&nbsp;<strong>el comportamiento del comprador<\/strong>, que lo impulsa y lo motiva para adquirir un producto o servicio,&nbsp; con este entrenamiento los participantes podr\u00e1n identificar f\u00e1cilmente que clase de comprador tienen al frente al momento de hacer un negocio comprendiendo los c\u00f3digos psicol\u00f3gicos del lenguaje no verbal, permitiendo de esta manera leer al cliente sin que este se de cuenta y de esta manera inducirlo a tomar la decisi\u00f3n de cerrar una venta.<\/p>\n\n\n\n<p><\/p>\n\n\n\n<h4 class=\"wp-block-heading\"><\/h4>\n","protected":false},"excerpt":{"rendered":"<p><span style=\"font-family: helvetica, arial, sans-serif;font-size: 16px;letter-spacing: -1px;text-align: justify\">Este taller ense\u00f1a las herramientas mas sencillas para entender\u00a0<\/span><span style=\"font-weight: 700;margin-bottom: 0px;font-family: helvetica, arial, sans-serif;font-size: 16px;letter-spacing: -1px;text-align: justify\">el comportamiento del comprador<\/span><\/p>\n","protected":false},"featured_media":527,"comment_status":"open","ping_status":"closed","template":"","meta":{"site-sidebar-layout":"default","site-content-layout":"","ast-site-content-layout":"","site-content-style":"default","site-sidebar-style":"default","ast-global-header-display":"","ast-banner-title-visibility":"","ast-main-header-display":"","ast-hfb-above-header-display":"","ast-hfb-below-header-display":"","ast-hfb-mobile-header-display":"","site-post-title":"","ast-breadcrumbs-content":"","ast-featured-img":"","footer-sml-layout":"","theme-transparent-header-meta":"","adv-header-id-meta":"","stick-header-meta":"","header-above-stick-meta":"","header-main-stick-meta":"","header-below-stick-meta":"","astra-migrate-meta-layouts":"","ast-page-background-enabled":"default","ast-page-background-meta":{"desktop":{"background-color":"var(--ast-global-color-4)","background-image":"","background-repeat":"repeat","background-position":"center center","background-size":"auto","background-attachment":"scroll","background-type":"","background-media":"","overlay-type":"","overlay-color":"","overlay-gradient":""},"tablet":{"background-color":"","background-image":"","background-repeat":"repeat","background-position":"center center","background-size":"auto","background-attachment":"scroll","background-type":"","background-media":"","overlay-type":"","overlay-color":"","overlay-gradient":""},"mobile":{"background-color":"","background-image":"","background-repeat":"repeat","background-position":"center center","background-size":"auto","background-attachment":"scroll","background-type":"","background-media":"","overlay-type":"","overlay-color":"","overlay-gradient":""}},"ast-content-background-meta":{"desktop":{"background-color":"var(--ast-global-color-5)","background-image":"","background-repeat":"repeat","background-position":"center center","background-size":"auto","background-attachment":"scroll","background-type":"","background-media":"","overlay-type":"","overlay-color":"","overlay-gradient":""},"tablet":{"background-color":"var(--ast-global-color-5)","background-image":"","background-repeat":"repeat","background-position":"center center","background-size":"auto","background-attachment":"scroll","background-type":"","background-media":"","overlay-type":"","overlay-color":"","overlay-gradient":""},"mobile":{"background-color":"var(--ast-global-color-5)","background-image":"","background-repeat":"repeat","background-position":"center center","background-size":"auto","background-attachment":"scroll","background-type":"","background-media":"","overlay-type":"","overlay-color":"","overlay-gradient":""}}},"product_cat":[18],"product_tag":[],"class_list":{"0":"post-532","1":"product","2":"type-product","3":"status-publish","4":"has-post-thumbnail","6":"product_cat-sin-categorizar","7":"desktop-align-left","8":"tablet-align-left","9":"mobile-align-left","11":"first","12":"instock","13":"shipping-taxable","14":"product-type-simple"},"yoast_head":"<!-- This site is optimized with the Yoast SEO Premium plugin v20.6 (Yoast SEO v21.9.1) - https:\/\/yoast.com\/wordpress\/plugins\/seo\/ -->\n<title>ENTENDIENDO LA PSICOLOG\u00cdA DEL CONSUMIDOR - MASTER - BRAIN<\/title>\n<meta name=\"robots\" content=\"index, follow, max-snippet:-1, max-image-preview:large, max-video-preview:-1\" \/>\n<link rel=\"canonical\" href=\"https:\/\/master-brain.com\/?product=entendiendo-la-psicologia-del-consumidor\" \/>\n<meta property=\"og:locale\" content=\"es_ES\" \/>\n<meta property=\"og:type\" content=\"article\" \/>\n<meta property=\"og:title\" content=\"ENTENDIENDO LA PSICOLOG\u00cdA DEL CONSUMIDOR\" \/>\n<meta property=\"og:description\" content=\"Este taller ense\u00f1a las herramientas mas sencillas para entender\u00a0el comportamiento del comprador\" \/>\n<meta property=\"og:url\" content=\"https:\/\/master-brain.com\/?product=entendiendo-la-psicologia-del-consumidor\" \/>\n<meta property=\"og:site_name\" content=\"MASTER - BRAIN\" \/>\n<meta property=\"article:modified_time\" content=\"2025-10-09T06:52:15+00:00\" \/>\n<meta property=\"og:image\" content=\"https:\/\/master-brain.com\/wp-content\/uploads\/2023\/10\/psicologia-consumidor.jpg\" \/>\n\t<meta property=\"og:image:width\" content=\"400\" \/>\n\t<meta property=\"og:image:height\" content=\"300\" \/>\n\t<meta property=\"og:image:type\" content=\"image\/jpeg\" \/>\n<meta name=\"twitter:card\" content=\"summary_large_image\" \/>\n<script type=\"application\/ld+json\" class=\"yoast-schema-graph\">{\"@context\":\"https:\/\/schema.org\",\"@graph\":[{\"@type\":\"WebPage\",\"@id\":\"https:\/\/master-brain.com\/?product=entendiendo-la-psicologia-del-consumidor\",\"url\":\"https:\/\/master-brain.com\/?product=entendiendo-la-psicologia-del-consumidor\",\"name\":\"ENTENDIENDO LA PSICOLOG\u00cdA DEL CONSUMIDOR - MASTER - BRAIN\",\"isPartOf\":{\"@id\":\"https:\/\/master-brain.com\/#website\"},\"datePublished\":\"2023-10-31T16:23:47+00:00\",\"dateModified\":\"2025-10-09T06:52:15+00:00\",\"breadcrumb\":{\"@id\":\"https:\/\/master-brain.com\/?product=entendiendo-la-psicologia-del-consumidor#breadcrumb\"},\"inLanguage\":\"es\",\"potentialAction\":[{\"@type\":\"ReadAction\",\"target\":[\"https:\/\/master-brain.com\/?product=entendiendo-la-psicologia-del-consumidor\"]}]},{\"@type\":\"BreadcrumbList\",\"@id\":\"https:\/\/master-brain.com\/?product=entendiendo-la-psicologia-del-consumidor#breadcrumb\",\"itemListElement\":[{\"@type\":\"ListItem\",\"position\":1,\"name\":\"Portada\",\"item\":\"https:\/\/master-brain.com\/\"},{\"@type\":\"ListItem\",\"position\":2,\"name\":\"Tienda\",\"item\":\"https:\/\/master-brain.com\/?page_id=514\"},{\"@type\":\"ListItem\",\"position\":3,\"name\":\"ENTENDIENDO LA PSICOLOG\u00cdA DEL CONSUMIDOR\"}]},{\"@type\":\"WebSite\",\"@id\":\"https:\/\/master-brain.com\/#website\",\"url\":\"https:\/\/master-brain.com\/\",\"name\":\"MASTER - BRAIN\",\"description\":\"\",\"publisher\":{\"@id\":\"https:\/\/master-brain.com\/#organization\"},\"potentialAction\":[{\"@type\":\"SearchAction\",\"target\":{\"@type\":\"EntryPoint\",\"urlTemplate\":\"https:\/\/master-brain.com\/?s={search_term_string}\"},\"query-input\":\"required name=search_term_string\"}],\"inLanguage\":\"es\"},{\"@type\":\"Organization\",\"@id\":\"https:\/\/master-brain.com\/#organization\",\"name\":\"MASTER - BRAIN\",\"url\":\"https:\/\/master-brain.com\/\",\"logo\":{\"@type\":\"ImageObject\",\"inLanguage\":\"es\",\"@id\":\"https:\/\/master-brain.com\/#\/schema\/logo\/image\/\",\"url\":\"https:\/\/master-brain.com\/wp-content\/uploads\/2023\/10\/logo-1.png\",\"contentUrl\":\"https:\/\/master-brain.com\/wp-content\/uploads\/2023\/10\/logo-1.png\",\"width\":1587,\"height\":344,\"caption\":\"MASTER - BRAIN\"},\"image\":{\"@id\":\"https:\/\/master-brain.com\/#\/schema\/logo\/image\/\"}}]}<\/script>\n<!-- \/ Yoast SEO Premium plugin. -->","yoast_head_json":{"title":"ENTENDIENDO LA PSICOLOG\u00cdA DEL CONSUMIDOR - MASTER - BRAIN","robots":{"index":"index","follow":"follow","max-snippet":"max-snippet:-1","max-image-preview":"max-image-preview:large","max-video-preview":"max-video-preview:-1"},"canonical":"https:\/\/master-brain.com\/?product=entendiendo-la-psicologia-del-consumidor","og_locale":"es_ES","og_type":"article","og_title":"ENTENDIENDO LA PSICOLOG\u00cdA DEL CONSUMIDOR","og_description":"Este taller ense\u00f1a las herramientas mas sencillas para entender\u00a0el comportamiento del comprador","og_url":"https:\/\/master-brain.com\/?product=entendiendo-la-psicologia-del-consumidor","og_site_name":"MASTER - BRAIN","article_modified_time":"2025-10-09T06:52:15+00:00","og_image":[{"width":400,"height":300,"url":"https:\/\/master-brain.com\/wp-content\/uploads\/2023\/10\/psicologia-consumidor.jpg","type":"image\/jpeg"}],"twitter_card":"summary_large_image","schema":{"@context":"https:\/\/schema.org","@graph":[{"@type":"WebPage","@id":"https:\/\/master-brain.com\/?product=entendiendo-la-psicologia-del-consumidor","url":"https:\/\/master-brain.com\/?product=entendiendo-la-psicologia-del-consumidor","name":"ENTENDIENDO LA PSICOLOG\u00cdA DEL CONSUMIDOR - MASTER - BRAIN","isPartOf":{"@id":"https:\/\/master-brain.com\/#website"},"datePublished":"2023-10-31T16:23:47+00:00","dateModified":"2025-10-09T06:52:15+00:00","breadcrumb":{"@id":"https:\/\/master-brain.com\/?product=entendiendo-la-psicologia-del-consumidor#breadcrumb"},"inLanguage":"es","potentialAction":[{"@type":"ReadAction","target":["https:\/\/master-brain.com\/?product=entendiendo-la-psicologia-del-consumidor"]}]},{"@type":"BreadcrumbList","@id":"https:\/\/master-brain.com\/?product=entendiendo-la-psicologia-del-consumidor#breadcrumb","itemListElement":[{"@type":"ListItem","position":1,"name":"Portada","item":"https:\/\/master-brain.com\/"},{"@type":"ListItem","position":2,"name":"Tienda","item":"https:\/\/master-brain.com\/?page_id=514"},{"@type":"ListItem","position":3,"name":"ENTENDIENDO LA PSICOLOG\u00cdA DEL CONSUMIDOR"}]},{"@type":"WebSite","@id":"https:\/\/master-brain.com\/#website","url":"https:\/\/master-brain.com\/","name":"MASTER - BRAIN","description":"","publisher":{"@id":"https:\/\/master-brain.com\/#organization"},"potentialAction":[{"@type":"SearchAction","target":{"@type":"EntryPoint","urlTemplate":"https:\/\/master-brain.com\/?s={search_term_string}"},"query-input":"required name=search_term_string"}],"inLanguage":"es"},{"@type":"Organization","@id":"https:\/\/master-brain.com\/#organization","name":"MASTER - BRAIN","url":"https:\/\/master-brain.com\/","logo":{"@type":"ImageObject","inLanguage":"es","@id":"https:\/\/master-brain.com\/#\/schema\/logo\/image\/","url":"https:\/\/master-brain.com\/wp-content\/uploads\/2023\/10\/logo-1.png","contentUrl":"https:\/\/master-brain.com\/wp-content\/uploads\/2023\/10\/logo-1.png","width":1587,"height":344,"caption":"MASTER - BRAIN"},"image":{"@id":"https:\/\/master-brain.com\/#\/schema\/logo\/image\/"}}]}},"jetpack_publicize_connections":[],"_links":{"self":[{"href":"https:\/\/master-brain.com\/index.php?rest_route=\/wp\/v2\/product\/532","targetHints":{"allow":["GET"]}}],"collection":[{"href":"https:\/\/master-brain.com\/index.php?rest_route=\/wp\/v2\/product"}],"about":[{"href":"https:\/\/master-brain.com\/index.php?rest_route=\/wp\/v2\/types\/product"}],"replies":[{"embeddable":true,"href":"https:\/\/master-brain.com\/index.php?rest_route=%2Fwp%2Fv2%2Fcomments&post=532"}],"wp:featuredmedia":[{"embeddable":true,"href":"https:\/\/master-brain.com\/index.php?rest_route=\/wp\/v2\/media\/527"}],"wp:attachment":[{"href":"https:\/\/master-brain.com\/index.php?rest_route=%2Fwp%2Fv2%2Fmedia&parent=532"}],"wp:term":[{"taxonomy":"product_cat","embeddable":true,"href":"https:\/\/master-brain.com\/index.php?rest_route=%2Fwp%2Fv2%2Fproduct_cat&post=532"},{"taxonomy":"product_tag","embeddable":true,"href":"https:\/\/master-brain.com\/index.php?rest_route=%2Fwp%2Fv2%2Fproduct_tag&post=532"}],"curies":[{"name":"wp","href":"https:\/\/api.w.org\/{rel}","templated":true}]}}